{"id":38,"date":"2010-08-17T15:07:52","date_gmt":"2010-08-17T15:07:52","guid":{"rendered":"http:\/\/www.jujutsu.asso.fr\/?page_id=38"},"modified":"2025-06-06T20:35:03","modified_gmt":"2025-06-06T18:35:03","slug":"le-ju-jutsu","status":"publish","type":"page","link":"https:\/\/www.jujutsu.asso.fr\/","title":{"rendered":"Le Ju Jutsu"},"content":{"rendered":"\n<figure class=\"wp-block-embed is-type-video is-provider-youtube wp-block-embed-youtube wp-embed-aspect-16-9 wp-has-aspect-ratio\"><div class=\"wp-block-embed__wrapper\">\n<iframe loading=\"lazy\" title=\"Pr\u00e9sentation du Club de Wajutsu de Champagne au Mont d&#039;Or\" width=\"770\" height=\"433\" src=\"https:\/\/www.youtube.com\/embed\/xQ-HOASIf5M?feature=oembed\" frameborder=\"0\" allow=\"accelerometer; autoplay; clipboard-write; encrypted-media; gyroscope; picture-in-picture; web-share\" referrerpolicy=\"strict-origin-when-cross-origin\" allowfullscreen><\/iframe>\n<\/div><figcaption class=\"wp-element-caption\">Pr\u00e9sentation du Club de Wajutsu de Champagne au Mont d&rsquo;Or<\/figcaption><\/figure>\n\n\n<p>\u00a0<\/p>\n<p><strong>Br\u00e8ve histoire du Ju Jutsu<\/strong><\/p>\n<p style=\"text-align: justify;\">Le Ju Jutsu est un art martial \u00e9labor\u00e9 au Japon \u00e0 l&rsquo;\u00e9poque f\u00e9odale. Son historique est relativement difficile \u00e0 \u00e9tablir. En effet, outre son anciennet\u00e9, les nombreuses \u00e9coles (ryu) qui enseignaient cet art, conservaient pr\u00e9cieusement leurs secrets techniques.<\/p>\n<table style=\"border-width: 0px;\" width=\"100%\" cellspacing=\"0\" cellpadding=\"0\">\n<tbody>\n<tr>\n<td style=\"border-width: 0px;\" colspan=\"2\" align=\"center\">Ju Jutsu, Ju Jitsu ou Jiu Jutsu ? <a title=\"Jujutsu, ju-jitsu, jiu-jitsu ou n'importe laquelle de ses variantes. Quelle est la correcte?\" href=\"http:\/\/www.ckam.ch\/jj.htm\" target=\"_blank\" rel=\"noopener\">Pour tout savoir&#8230;<\/a><\/td>\n<\/tr>\n<tr>\n<td style=\"border-width: 0px;\" align=\"right\">\n<figure id=\"attachment_99\" aria-describedby=\"caption-attachment-99\" style=\"width: 50px\" class=\"wp-caption alignnone\"><a href=\"https:\/\/i0.wp.com\/www.jujutsu.asso.fr\/wp-content\/uploads\/2010\/08\/Juu.gif?ssl=1\"><img data-recalc-dims=\"1\" loading=\"lazy\" decoding=\"async\" class=\"wp-image-99 size-full\" title=\"souple, doux, flexible\" src=\"https:\/\/i0.wp.com\/www.jujutsu.asso.fr\/wp-content\/uploads\/2010\/08\/Juu1.gif?resize=50%2C50&#038;ssl=1\" alt=\"Ju\" width=\"50\" height=\"50\" \/><\/a><figcaption id=\"caption-attachment-99\" class=\"wp-caption-text\">Ju<\/figcaption><\/figure>\n<\/td>\n<td style=\"border-width: 0px;\" align=\"left\">\n<figure id=\"attachment_101\" aria-describedby=\"caption-attachment-101\" style=\"width: 50px\" class=\"wp-caption alignnone\"><a href=\"https:\/\/i0.wp.com\/www.jujutsu.asso.fr\/wp-content\/uploads\/2010\/08\/Jutsu.gif?ssl=1\"><img data-recalc-dims=\"1\" loading=\"lazy\" decoding=\"async\" class=\"size-full wp-image-101\" title=\"art pratique, science\" src=\"https:\/\/i0.wp.com\/www.jujutsu.asso.fr\/wp-content\/uploads\/2010\/08\/Jutsu.gif?resize=50%2C50&#038;ssl=1\" alt=\"Jutsu\" width=\"50\" height=\"50\" \/><\/a><figcaption id=\"caption-attachment-101\" class=\"wp-caption-text\">Jutsu<\/figcaption><\/figure>\n<\/td>\n<\/tr>\n<\/tbody>\n<\/table>\n<p style=\"text-align: justify;\">A cette \u00e9poque, le combat \u00e0 mains nues \u00e9tait l&rsquo;apanage des paysans qui n&rsquo;\u00e9taient pas autoris\u00e9s \u00e0 poss\u00e9der des armes. Pourtant, c&rsquo;est la caste des samoura\u00efs qui d\u00e9veloppa le Ju Jutsu. Pour ces guerriers, le code moral du bushido imposait l&rsquo;\u00e9galit\u00e9 des armes entre deux combattants. Ainsi, si un guerrier se trouvait d\u00e9sarm\u00e9 pendant le combat, son adversaire se devait d&rsquo;abandonner son arme &#8211; ce qui \u00e9tait peu mis en pratique lors de combats r\u00e9els ! C&rsquo;est donc pour faire face \u00e0 ces transgressions du bushido et pouvoir continuer \u00e0 combattre sans armes que les samoura\u00efs d\u00e9velopp\u00e8rent ces techniques efficaces de combat \u00e0 mains nues.<\/p>\n<p style=\"text-align: justify;\">Le Ju Jutsu ou \u00ab\u00a0art souple\u00a0\u00bb, est ainsi l&rsquo;h\u00e9ritier, \u00e0 la fois d&rsquo;un code moral chevaleresque tr\u00e8s strict et de techniques de combat \u00e9prouv\u00e9es. Synth\u00e9tisant en une m\u00eame technique l&rsquo;ensemble des coups (atemi waza), des projections (nage waza) et des contr\u00f4les (katame waza), il permet de ma\u00eetriser tous les aspects du combat en corps \u00e0 corps, que les adversaires soient arm\u00e9s ou \u00e0 mains nues.<\/p>\n<p style=\"text-align: justify;\">L&rsquo;interdiction par l&#8217;empereur de porter les deux sabres, favorisera par ailleurs le d\u00e9veloppement du Ju Jutsu.<\/p>\n<p style=\"text-align: justify;\">En 1882, s&rsquo;inspirant de deux des grandes \u00e9coles japonaises, \u00ab\u00a0Kito Ryu Ju Jutsu\u00a0\u00bb et \u00ab\u00a0Yoshin Ryu Ju Jutsu\u00a0\u00bb, respectivement \u00e9cole de \u00a0\u00bb la chute et de l&rsquo;\u00e9l\u00e9vation \u00a0\u00bb et \u00e9cole du \u00ab\u00a0c\u0153ur de saule \u00ab\u00a0, le ma\u00eetre Jigoro Kano r\u00e9actualise ces techniques et fonde sa propre m\u00e9thode de Ju Jutsu.<\/p>\n<figure style=\"width: 378px\" class=\"wp-caption aligncenter\"><a href=\"http:\/\/fr.wikipedia.org\/wiki\/Jigor%C5%8D_Kan%C5%8D\"><img loading=\"lazy\" decoding=\"async\" title=\"Jigoro Kano\" src=\"http:\/\/upload.wikimedia.org\/wikipedia\/commons\/0\/0c\/Kano_Jigoro.jpg\" alt=\"Jigoro Kano\" width=\"378\" height=\"469\" \/><\/a><figcaption class=\"wp-caption-text\">Ma\u00eetre Jigoro Kano (1860-1938)<\/figcaption><\/figure>\n<p style=\"text-align: justify;\">C&rsquo;est sous son impulsion que cet art, respectant \u00e0 la fois le c\u00f4t\u00e9 martial et la philosophie ancestrale, conna\u00eet un d\u00e9veloppement important. Dans l&rsquo;enseignement de Jigoro Kano, la self-d\u00e9fense reste un \u00e9l\u00e9ment majeur: outre les projections, les strangulations et les clefs, les judokas pratiquent \u00e9galement les Atemis, techniques de coups port\u00e9s aux points vitaux avec les pieds, les poings, les coudes, les genoux et la t\u00eate. Jigoro Kano a ainsi soustrait \u00e0 l&rsquo;oubli l&rsquo;un des plus anciens arts martiaux d&rsquo;orient d\u00e9j\u00e0 menac\u00e9 par la prolif\u00e9ration des armes \u00e0 feu.<\/p>\n<p style=\"text-align: justify;\">Voir aussi :<\/p>\n<ul>\n<li><a title=\"Ju-Jitsu (Wikipedia)\" href=\"http:\/\/fr.wikipedia.org\/wiki\/J%C5%ABjutsu\" target=\"_blank\" rel=\"noopener\">l&rsquo;article<\/a> de Wikipedia sur le Ju Jutsu<\/li>\n<li>sur le site de l&rsquo;AEJT,\u00a0la page concernant <a title=\"La M\u00e9thode Wa-Jutsu\" href=\"http:\/\/www.aejt-jjquero.com\/wa_jutsu.htm\" target=\"_blank\" rel=\"noopener\">la m\u00e9thode Wa Jutsu<\/a> enseign\u00e9e au club de Champagne<\/li>\n<\/ul>","protected":false},"excerpt":{"rendered":"<p>\u00a0 Br\u00e8ve histoire du Ju Jutsu Le Ju Jutsu est un art martial \u00e9labor\u00e9 au Japon \u00e0&hellip;<\/p>\n","protected":false},"author":1,"featured_media":0,"parent":0,"menu_order":1,"comment_status":"closed","ping_status":"closed","template":"","meta":{"footnotes":""},"class_list":["post-38","page","type-page","status-publish","hentry","no-margin"],"jetpack_sharing_enabled":true,"_links":{"self":[{"href":"https:\/\/www.jujutsu.asso.fr\/index.php?rest_route=\/wp\/v2\/pages\/38","targetHints":{"allow":["GET"]}}],"collection":[{"href":"https:\/\/www.jujutsu.asso.fr\/index.php?rest_route=\/wp\/v2\/pages"}],"about":[{"href":"https:\/\/www.jujutsu.asso.fr\/index.php?rest_route=\/wp\/v2\/types\/page"}],"author":[{"embeddable":true,"href":"https:\/\/www.jujutsu.asso.fr\/index.php?rest_route=\/wp\/v2\/users\/1"}],"replies":[{"embeddable":true,"href":"https:\/\/www.jujutsu.asso.fr\/index.php?rest_route=%2Fwp%2Fv2%2Fcomments&post=38"}],"version-history":[{"count":9,"href":"https:\/\/www.jujutsu.asso.fr\/index.php?rest_route=\/wp\/v2\/pages\/38\/revisions"}],"predecessor-version":[{"id":1417,"href":"https:\/\/www.jujutsu.asso.fr\/index.php?rest_route=\/wp\/v2\/pages\/38\/revisions\/1417"}],"wp:attachment":[{"href":"https:\/\/www.jujutsu.asso.fr\/index.php?rest_route=%2Fwp%2Fv2%2Fmedia&parent=38"}],"curies":[{"name":"wp","href":"https:\/\/api.w.org\/{rel}","templated":true}]}}