{"id":153,"date":"2010-08-28T10:55:05","date_gmt":"2010-08-28T10:55:05","guid":{"rendered":"http:\/\/www.jujutsu.asso.fr\/?page_id=153"},"modified":"2025-07-03T23:17:48","modified_gmt":"2025-07-03T21:17:48","slug":"les-grades","status":"publish","type":"page","link":"https:\/\/www.jujutsu.asso.fr\/?page_id=153","title":{"rendered":"Les grades"},"content":{"rendered":"\n<div class=\"wp-block-group\"><div class=\"wp-block-group__inner-container is-layout-constrained wp-block-group-is-layout-constrained\">\n<p class=\"has-medium-font-size\"><strong>La progression est marqu\u00e9e par le passages de grades (ceintures) <\/strong>correspondant \u00e0 la ma\u00eetrise d&rsquo;un sous-ensemble de techniques dans chacun des groupes enseign\u00e9s (kata, sol, self d\u00e9fense, &#8230;).<\/p>\n\n\n<div class=\"wp-block-image\">\n<figure class=\"aligncenter size-large\"><a href=\"https:\/\/i0.wp.com\/www.jujutsu.asso.fr\/wp-content\/uploads\/2025\/06\/2024-12-19_Ceremonie-grade-enfants-01.jpg?ssl=1\"><img data-recalc-dims=\"1\" loading=\"lazy\" decoding=\"async\" width=\"770\" height=\"833\" src=\"https:\/\/i0.wp.com\/www.jujutsu.asso.fr\/wp-content\/uploads\/2025\/06\/2024-12-19_Ceremonie-grade-enfants-01.jpg?resize=770%2C833&#038;ssl=1\" alt=\"\" class=\"wp-image-1451\" title=\"Remise de ceinture enfants\" srcset=\"https:\/\/i0.wp.com\/www.jujutsu.asso.fr\/wp-content\/uploads\/2025\/06\/2024-12-19_Ceremonie-grade-enfants-01.jpg?resize=946%2C1024&amp;ssl=1 946w, https:\/\/i0.wp.com\/www.jujutsu.asso.fr\/wp-content\/uploads\/2025\/06\/2024-12-19_Ceremonie-grade-enfants-01.jpg?resize=277%2C300&amp;ssl=1 277w, https:\/\/i0.wp.com\/www.jujutsu.asso.fr\/wp-content\/uploads\/2025\/06\/2024-12-19_Ceremonie-grade-enfants-01.jpg?resize=768%2C831&amp;ssl=1 768w, https:\/\/i0.wp.com\/www.jujutsu.asso.fr\/wp-content\/uploads\/2025\/06\/2024-12-19_Ceremonie-grade-enfants-01.jpg?resize=1419%2C1536&amp;ssl=1 1419w, https:\/\/i0.wp.com\/www.jujutsu.asso.fr\/wp-content\/uploads\/2025\/06\/2024-12-19_Ceremonie-grade-enfants-01.jpg?resize=1892%2C2048&amp;ssl=1 1892w, https:\/\/i0.wp.com\/www.jujutsu.asso.fr\/wp-content\/uploads\/2025\/06\/2024-12-19_Ceremonie-grade-enfants-01.jpg?w=1540&amp;ssl=1 1540w, https:\/\/i0.wp.com\/www.jujutsu.asso.fr\/wp-content\/uploads\/2025\/06\/2024-12-19_Ceremonie-grade-enfants-01.jpg?w=2310&amp;ssl=1 2310w\" sizes=\"auto, (max-width: 770px) 100vw, 770px\" \/><\/a><\/figure>\n<\/div>\n\n\n<p class=\"has-medium-font-size\">Les passages de grades ont lieu au dojo de Champagne, en g\u00e9n\u00e9ral deux fois par saison.<\/p>\n\n\n\n<p class=\"has-medium-font-size\">La remise des ceintures <strong>vient r\u00e9compenser les efforts de tous et fait l&rsquo;objet d&rsquo;une petite c\u00e9r\u00e9monie pendant le Kagami Biraki et en fin de saison.<\/strong> Cela pla\u00eet beaucoup aux enfants qui sont tr\u00e8s fiers de recevoir leur nouveau grade des mains de leur encadrant !<\/p>\n<\/div><\/div>\n\n\n\n<figure class=\"wp-block-video\"><video height=\"1920\" style=\"aspect-ratio: 1080 \/ 1920;\" width=\"1080\" controls src=\"https:\/\/www.jujutsu.asso.fr\/wp-content\/uploads\/2025\/07\/2025-06-019-remise-grade-enfant-film.mp4\"><\/video><\/figure>\n","protected":false},"excerpt":{"rendered":"<p>La progression est marqu\u00e9e par le passages de grades (ceintures) correspondant \u00e0 la ma\u00eetrise d&rsquo;un sous-ensemble de&hellip;<\/p>\n","protected":false},"author":1,"featured_media":0,"parent":30,"menu_order":2,"comment_status":"closed","ping_status":"open","template":"","meta":{"footnotes":""},"class_list":["post-153","page","type-page","status-publish","hentry","no-margin"],"jetpack_sharing_enabled":true,"_links":{"self":[{"href":"https:\/\/www.jujutsu.asso.fr\/index.php?rest_route=\/wp\/v2\/pages\/153","targetHints":{"allow":["GET"]}}],"collection":[{"href":"https:\/\/www.jujutsu.asso.fr\/index.php?rest_route=\/wp\/v2\/pages"}],"about":[{"href":"https:\/\/www.jujutsu.asso.fr\/index.php?rest_route=\/wp\/v2\/types\/page"}],"author":[{"embeddable":true,"href":"https:\/\/www.jujutsu.asso.fr\/index.php?rest_route=\/wp\/v2\/users\/1"}],"replies":[{"embeddable":true,"href":"https:\/\/www.jujutsu.asso.fr\/index.php?rest_route=%2Fwp%2Fv2%2Fcomments&post=153"}],"version-history":[{"count":6,"href":"https:\/\/www.jujutsu.asso.fr\/index.php?rest_route=\/wp\/v2\/pages\/153\/revisions"}],"predecessor-version":[{"id":1472,"href":"https:\/\/www.jujutsu.asso.fr\/index.php?rest_route=\/wp\/v2\/pages\/153\/revisions\/1472"}],"up":[{"embeddable":true,"href":"https:\/\/www.jujutsu.asso.fr\/index.php?rest_route=\/wp\/v2\/pages\/30"}],"wp:attachment":[{"href":"https:\/\/www.jujutsu.asso.fr\/index.php?rest_route=%2Fwp%2Fv2%2Fmedia&parent=153"}],"curies":[{"name":"wp","href":"https:\/\/api.w.org\/{rel}","templated":true}]}}