{"id":133,"date":"2010-08-28T11:11:18","date_gmt":"2010-08-28T11:11:18","guid":{"rendered":"http:\/\/www.jujutsu.asso.fr\/?page_id=133"},"modified":"2011-04-29T10:58:21","modified_gmt":"2011-04-29T08:58:21","slug":"le-code-du-bushido","status":"publish","type":"page","link":"https:\/\/www.jujutsu.asso.fr\/?page_id=133","title":{"rendered":"Le code du Bushido"},"content":{"rendered":"<p style=\"text-align: justify;\"><a href=\"https:\/\/i0.wp.com\/www.jujutsu.asso.fr\/wp-content\/uploads\/2010\/08\/bushido.jpg?ssl=1\"><img data-recalc-dims=\"1\" loading=\"lazy\" decoding=\"async\" class=\"alignright size-medium wp-image-167\" title=\"bushido\" src=\"https:\/\/i0.wp.com\/www.jujutsu.asso.fr\/wp-content\/uploads\/2010\/08\/bushido.jpg?resize=212%2C300&#038;ssl=1\" alt=\"\" width=\"212\" height=\"300\" \/><\/a>Le bushido, code d&rsquo;honneur des samoura\u00efs, d\u00e9finit et pr\u00e9conise des principes moraux comme le respect, la politesse, la sinc\u00e9rit\u00e9, la droiture, le courage, la bienveillance, l&rsquo;honn\u00eatet\u00e9, l&rsquo;honneur, la loyaut\u00e9 etc.. qui font partie int\u00e9grale de l&rsquo;enseignement au dojo.<\/p>\n","protected":false},"excerpt":{"rendered":"<p>Le bushido, code d&rsquo;honneur des samoura\u00efs, d\u00e9finit et pr\u00e9conise des principes moraux comme le respect, la politesse,&hellip;<\/p>\n","protected":false},"author":1,"featured_media":0,"parent":30,"menu_order":3,"comment_status":"closed","ping_status":"open","template":"","meta":{"footnotes":""},"class_list":["post-133","page","type-page","status-publish","hentry","no-margin"],"jetpack_sharing_enabled":true,"_links":{"self":[{"href":"https:\/\/www.jujutsu.asso.fr\/index.php?rest_route=\/wp\/v2\/pages\/133","targetHints":{"allow":["GET"]}}],"collection":[{"href":"https:\/\/www.jujutsu.asso.fr\/index.php?rest_route=\/wp\/v2\/pages"}],"about":[{"href":"https:\/\/www.jujutsu.asso.fr\/index.php?rest_route=\/wp\/v2\/types\/page"}],"author":[{"embeddable":true,"href":"https:\/\/www.jujutsu.asso.fr\/index.php?rest_route=\/wp\/v2\/users\/1"}],"replies":[{"embeddable":true,"href":"https:\/\/www.jujutsu.asso.fr\/index.php?rest_route=%2Fwp%2Fv2%2Fcomments&post=133"}],"version-history":[{"count":2,"href":"https:\/\/www.jujutsu.asso.fr\/index.php?rest_route=\/wp\/v2\/pages\/133\/revisions"}],"predecessor-version":[{"id":516,"href":"https:\/\/www.jujutsu.asso.fr\/index.php?rest_route=\/wp\/v2\/pages\/133\/revisions\/516"}],"up":[{"embeddable":true,"href":"https:\/\/www.jujutsu.asso.fr\/index.php?rest_route=\/wp\/v2\/pages\/30"}],"wp:attachment":[{"href":"https:\/\/www.jujutsu.asso.fr\/index.php?rest_route=%2Fwp%2Fv2%2Fmedia&parent=133"}],"curies":[{"name":"wp","href":"https:\/\/api.w.org\/{rel}","templated":true}]}}