{"id":131,"date":"2010-08-19T06:56:25","date_gmt":"2010-08-19T06:56:25","guid":{"rendered":"http:\/\/www.jujutsu.asso.fr\/?page_id=131"},"modified":"2025-05-10T17:30:55","modified_gmt":"2025-05-10T15:30:55","slug":"le-kagami-biraki","status":"publish","type":"page","link":"https:\/\/www.jujutsu.asso.fr\/?page_id=131","title":{"rendered":"Le Kagami Biraki"},"content":{"rendered":"<p><a href=\"https:\/\/i0.wp.com\/www.jujutsu.asso.fr\/wp-content\/uploads\/2025\/05\/2024-01-28_Kagami-biraki-021a-scaled.jpg?ssl=1\"><img data-recalc-dims=\"1\" loading=\"lazy\" decoding=\"async\" class=\"size-medium wp-image-1378 alignright\" src=\"https:\/\/i0.wp.com\/www.jujutsu.asso.fr\/wp-content\/uploads\/2025\/05\/2024-01-28_Kagami-biraki-021a.jpg?resize=300%2C200&#038;ssl=1\" alt=\"\" width=\"300\" height=\"200\" srcset=\"https:\/\/i0.wp.com\/www.jujutsu.asso.fr\/wp-content\/uploads\/2025\/05\/2024-01-28_Kagami-biraki-021a-scaled.jpg?resize=300%2C200&amp;ssl=1 300w, https:\/\/i0.wp.com\/www.jujutsu.asso.fr\/wp-content\/uploads\/2025\/05\/2024-01-28_Kagami-biraki-021a-scaled.jpg?resize=1024%2C683&amp;ssl=1 1024w, https:\/\/i0.wp.com\/www.jujutsu.asso.fr\/wp-content\/uploads\/2025\/05\/2024-01-28_Kagami-biraki-021a-scaled.jpg?resize=768%2C512&amp;ssl=1 768w, https:\/\/i0.wp.com\/www.jujutsu.asso.fr\/wp-content\/uploads\/2025\/05\/2024-01-28_Kagami-biraki-021a-scaled.jpg?resize=1536%2C1024&amp;ssl=1 1536w, https:\/\/i0.wp.com\/www.jujutsu.asso.fr\/wp-content\/uploads\/2025\/05\/2024-01-28_Kagami-biraki-021a-scaled.jpg?resize=2048%2C1365&amp;ssl=1 2048w, https:\/\/i0.wp.com\/www.jujutsu.asso.fr\/wp-content\/uploads\/2025\/05\/2024-01-28_Kagami-biraki-021a-scaled.jpg?w=2310&amp;ssl=1 2310w\" sizes=\"auto, (max-width: 300px) 100vw, 300px\" \/><\/a><\/p>\n<p style=\"text-align: justify;\">Version locale de la <strong>c\u00e9r\u00e9monie traditionnelle des dojos japonais<\/strong> \u00e0 l&rsquo;occasion de la nouvelle ann\u00e9e, elle r\u00e9unit fin janvier\u00a0 les pratiquants, leurs proches, les \u00e9lus locaux, ainsi que les associations partenaires.\u00a0<\/p>\n<p>C&rsquo;est la <strong>principale f\u00eate annuelle du dojo.<\/strong><\/p>\n<p style=\"text-align: justify;\">Apr\u00e8s un discours de bienvenue, tous les pratiquants effectuent des d\u00e9monstrations des techniques travaill\u00e9es en cours d&rsquo;ann\u00e9e.<\/p>\n<p style=\"text-align: justify;\">Viennent ensuite la remise des grades par l&rsquo;encadrant puis les \u00e9changes de voeux et de cadeaux.<\/p>\n<p><a href=\"https:\/\/i0.wp.com\/www.jujutsu.asso.fr\/wp-content\/uploads\/2025\/05\/2025-02-02-Photo-groupe-Kagami-biraki-Wajutsu.jpg?ssl=1\"><img data-recalc-dims=\"1\" loading=\"lazy\" decoding=\"async\" class=\"size-medium wp-image-1377 alignleft\" src=\"https:\/\/i0.wp.com\/www.jujutsu.asso.fr\/wp-content\/uploads\/2025\/05\/2025-02-02-Photo-groupe-Kagami-biraki-Wajutsu.jpg?resize=300%2C169&#038;ssl=1\" alt=\"\" width=\"300\" height=\"169\" srcset=\"https:\/\/i0.wp.com\/www.jujutsu.asso.fr\/wp-content\/uploads\/2025\/05\/2025-02-02-Photo-groupe-Kagami-biraki-Wajutsu.jpg?resize=300%2C169&amp;ssl=1 300w, https:\/\/i0.wp.com\/www.jujutsu.asso.fr\/wp-content\/uploads\/2025\/05\/2025-02-02-Photo-groupe-Kagami-biraki-Wajutsu.jpg?resize=1024%2C576&amp;ssl=1 1024w, https:\/\/i0.wp.com\/www.jujutsu.asso.fr\/wp-content\/uploads\/2025\/05\/2025-02-02-Photo-groupe-Kagami-biraki-Wajutsu.jpg?resize=768%2C432&amp;ssl=1 768w, https:\/\/i0.wp.com\/www.jujutsu.asso.fr\/wp-content\/uploads\/2025\/05\/2025-02-02-Photo-groupe-Kagami-biraki-Wajutsu.jpg?resize=1536%2C864&amp;ssl=1 1536w, https:\/\/i0.wp.com\/www.jujutsu.asso.fr\/wp-content\/uploads\/2025\/05\/2025-02-02-Photo-groupe-Kagami-biraki-Wajutsu.jpg?w=1920&amp;ssl=1 1920w\" sizes=\"auto, (max-width: 300px) 100vw, 300px\" \/><\/a><\/p>\n<p style=\"text-align: justify;\"><span style=\"font-size: 15.6px; line-height: 23px;\">Apr\u00e8s la cl\u00f4ture de la c\u00e9r\u00e9monie et la traditionnelle s\u00e9ance photo, public et pratiquants se retrouvent autour du verre de l&rsquo;amiti\u00e9 et d&rsquo;un buffet compos\u00e9 de mets provenant de commer\u00e7ants locaux !<\/span><\/p>\n\n\n<p><\/p>\n\n\n\n<p><\/p>\n\n\n\n<figure class=\"wp-block-embed is-type-video is-provider-youtube wp-block-embed-youtube wp-embed-aspect-16-9 wp-has-aspect-ratio\"><div class=\"wp-block-embed__wrapper\">\n<iframe loading=\"lazy\" title=\"Kagami Biraki 2025\" width=\"770\" height=\"433\" src=\"https:\/\/www.youtube.com\/embed\/HEHPs7QJLIM?feature=oembed\" frameborder=\"0\" allow=\"accelerometer; autoplay; clipboard-write; encrypted-media; gyroscope; picture-in-picture; web-share\" referrerpolicy=\"strict-origin-when-cross-origin\" allowfullscreen><\/iframe>\n<\/div><\/figure>\n","protected":false},"excerpt":{"rendered":"<p>Version locale de la c\u00e9r\u00e9monie traditionnelle des dojos japonais \u00e0 l&rsquo;occasion de la nouvelle ann\u00e9e, elle r\u00e9unit&hellip;<\/p>\n","protected":false},"author":1,"featured_media":0,"parent":30,"menu_order":4,"comment_status":"closed","ping_status":"closed","template":"","meta":{"footnotes":""},"class_list":["post-131","page","type-page","status-publish","hentry","no-margin"],"jetpack_sharing_enabled":true,"_links":{"self":[{"href":"https:\/\/www.jujutsu.asso.fr\/index.php?rest_route=\/wp\/v2\/pages\/131","targetHints":{"allow":["GET"]}}],"collection":[{"href":"https:\/\/www.jujutsu.asso.fr\/index.php?rest_route=\/wp\/v2\/pages"}],"about":[{"href":"https:\/\/www.jujutsu.asso.fr\/index.php?rest_route=\/wp\/v2\/types\/page"}],"author":[{"embeddable":true,"href":"https:\/\/www.jujutsu.asso.fr\/index.php?rest_route=\/wp\/v2\/users\/1"}],"replies":[{"embeddable":true,"href":"https:\/\/www.jujutsu.asso.fr\/index.php?rest_route=%2Fwp%2Fv2%2Fcomments&post=131"}],"version-history":[{"count":8,"href":"https:\/\/www.jujutsu.asso.fr\/index.php?rest_route=\/wp\/v2\/pages\/131\/revisions"}],"predecessor-version":[{"id":1382,"href":"https:\/\/www.jujutsu.asso.fr\/index.php?rest_route=\/wp\/v2\/pages\/131\/revisions\/1382"}],"up":[{"embeddable":true,"href":"https:\/\/www.jujutsu.asso.fr\/index.php?rest_route=\/wp\/v2\/pages\/30"}],"wp:attachment":[{"href":"https:\/\/www.jujutsu.asso.fr\/index.php?rest_route=%2Fwp%2Fv2%2Fmedia&parent=131"}],"curies":[{"name":"wp","href":"https:\/\/api.w.org\/{rel}","templated":true}]}}